{"id":2053,"date":"2025-06-19T09:35:49","date_gmt":"2025-06-19T09:35:49","guid":{"rendered":"https:\/\/m2casas.www185-146-23-43.a2hosted.com\/?page_id=2053"},"modified":"2025-06-19T09:37:24","modified_gmt":"2025-06-19T09:37:24","slug":"cookies","status":"publish","type":"page","link":"https:\/\/m2casas.www185-146-23-43.a2hosted.com\/fr\/cookies\/","title":{"rendered":"Cookies policy"},"content":{"rendered":"<div data-elementor-type=\"wp-page\" data-elementor-id=\"2053\" class=\"elementor elementor-2053\" data-elementor-post-type=\"page\">\n\t\t\t\t<div class=\"elementor-element elementor-element-fe5f723 e-flex e-con-boxed wpr-particle-no wpr-jarallax-no wpr-parallax-no wpr-sticky-section-no e-con e-parent\" data-id=\"fe5f723\" data-element_type=\"container\" data-e-type=\"container\">\n\t\t\t\t\t<div class=\"e-con-inner\">\n\t\t\t\t<div class=\"elementor-element elementor-element-1cbe0b6 elementor-widget elementor-widget-heading\" data-id=\"1cbe0b6\" data-element_type=\"widget\" data-e-type=\"widget\" data-widget_type=\"heading.default\">\n\t\t\t\t<div class=\"elementor-widget-container\">\n\t\t\t\t\t<h1 class=\"elementor-heading-title elementor-size-default\">Pol\u00edtica de cookies<\/h1>\t\t\t\t<\/div>\n\t\t\t\t<\/div>\n\t\t\t\t<div class=\"elementor-element elementor-element-e06948d elementor-widget elementor-widget-text-editor\" data-id=\"e06948d\" data-element_type=\"widget\" data-e-type=\"widget\" data-widget_type=\"text-editor.default\">\n\t\t\t\t<div class=\"elementor-widget-container\">\n\t\t\t\t\t\t\t\t\t<p>En base a lo previsto en el Considerando 30 del Reglamento (UE) 2016\/679 del Parlamento Europeo y del Consejo, de 27 de abril de 2016, relativo a la protecci\u00f3n de las personas f\u00edsicas en lo que respecta al tratamiento de datos personales y a la libre circulaci\u00f3n de estos datos (RGPD), le informamos de la empresa utiliza cookies con las finalidades que se detallan en la presente Pol\u00edtica de Cookies.<\/p><h3>\u00bfQu\u00e9 son las cookies?<\/h3><p>Las cookies son archivos de texto que contienen peque\u00f1as cantidades de informaci\u00f3n que se descargan en su ordenador o dispositivo m\u00f3vil cuando el Usuario visita un sitio web. Las cookies se env\u00edan de vuelta al sitio web original en cada visita posterior, o a otro sitio web que las reconoce. Las cookies pueden realizar diferentes funciones como permitir navegar entre las p\u00e1ginas de manera eficiente, recordando sus preferencias y en general, mejorar la navegaci\u00f3n del usuario.<\/p><h3>\u00bfC\u00f3mo se clasifican las cookies?<\/h3><p>Seg\u00fan distintos criterios de clasificaci\u00f3n, las cookies se pueden clasificar en los siguientes tipos:<\/p><p><b>Seg\u00fan el emisor de las Cookies<\/b><\/p><ul><li>Cookies propias: Son aquellas que se env\u00edan al equipo terminal del usuario desde un equipo o dominio gestionado por el propio editor del sitio web y desde el que se presta el servicio solicitado por el usuario.<\/li><li>Cookies de tercero: Son aquellas que se env\u00edan al equipo terminal del usuario desde un equipo o dominio que no es gestionado por el editor del sitio web, sino por otra entidad que trata los datos obtenidos trav\u00e9s de las cookies.<\/li><\/ul><p><b>Seg\u00fan el ciclo de vida de las Cookies:<\/b><\/p><ul><li>Cookies de sesi\u00f3n: Son cookies temporales que permanecen en el archivo de cookies de su navegador hasta que abandone la p\u00e1gina web, por lo que ninguna queda registrada en el disco duro del usuario. La informaci\u00f3n obtenida por medio de estas cookies sirve para analizar pautas de tr\u00e1fico en la web. Esto permite proporcionar una mejor experiencia para mejorar el contenido y facilitar su uso.<\/li><li>Cookies permanentes: Son almacenadas en el disco duro y el sitio web las lee cada vez que el usuario realiza una nueva visita. Una cookie permanente posee una fecha de expiraci\u00f3n determinada. La cookie dejar\u00e1 de funcionar despu\u00e9s de esa fecha. Se utilizan para facilitar los servicios de compra y registro.<\/li><\/ul><p><b>Seg\u00fan la finalidad para la que se usan las Cookies:<\/b><\/p><ul><li>Cookies t\u00e9cnicas: Son aquellas que permiten al usuario la navegaci\u00f3n a trav\u00e9s de una p\u00e1gina web, plataforma o aplicaci\u00f3n y la utilizaci\u00f3n de las diferentes opciones o servicios que en ella existan como, por ejemplo, controlar el tr\u00e1fico y la comunicaci\u00f3n de datos, identificar la sesi\u00f3n, acceder a partes de acceso restringido, recordar los elementos que integran un pedido, realizar el proceso de compra de un pedido, realizar la solicitud de inscripci\u00f3n o participaci\u00f3n en un evento, utilizar elementos de seguridad durante la navegaci\u00f3n, almacenar contenidos para la difusi\u00f3n de videos o sonido o compartir contenidos a trav\u00e9s de redes sociales.<\/li><li>Cookies de personalizaci\u00f3n o preferencias: Son aquellas que permiten al usuario acceder al servicio con algunas caracter\u00edsticas de car\u00e1cter general predefinidas en funci\u00f3n de una serie de criterios en el terminal del usuario como por ejemplo serian el idioma, el tipo de navegador a trav\u00e9s del cual accede al servicio, la configuraci\u00f3n regional desde donde accede al servicio, etc.<\/li><li>Cookies de an\u00e1lisis: Son aquellas que permiten al responsable de estas, el seguimiento y an\u00e1lisis del comportamiento de los usuarios de los sitios web a los que est\u00e1n vinculadas. La informaci\u00f3n recogida mediante este tipo de cookies se utiliza en la medici\u00f3n de la actividad de los sitios web, aplicaci\u00f3n o plataforma y para la elaboraci\u00f3n de perfiles de navegaci\u00f3n de los usuarios de dichos sitios, aplicaciones y plataformas, con el fin de introducir mejoras en funci\u00f3n del an\u00e1lisis de los datos de uso que hacen los usuarios del servicio.<\/li><li>Cookies publicitarias: Son aquellas que permiten la gesti\u00f3n de los espacios publicitarios que, en su caso, el editor haya incluido en una p\u00e1gina web, aplicaci\u00f3n o plataforma desde la que presta el servicio solicitado en base a criterios como el contenido editado o la frecuencia en la que se muestran los anuncios.<\/li><li>Cookies de publicidad comportamental: Son aquellas que permiten la gesti\u00f3n de los espacios publicitarios que el editor haya incluido en una p\u00e1gina web, aplicaci\u00f3n o plataforma desde la que presta el servicio solicitado. Estas cookies almacenan informaci\u00f3n del comportamiento de los usuarios obtenida a trav\u00e9s de la observaci\u00f3n continuada de sus h\u00e1bitos de navegaci\u00f3n, lo que permite desarrollar un perfil espec\u00edfico para mostrar publicidad en funci\u00f3n de este.<\/li><\/ul><h3>Tipos de cookies utilizadas en el sitio web<\/h3><p>Le indicamos a continuaci\u00f3n el tipo de cookies utilizadas en el sitio web, su finalidad y entidad que las gestiona. Puede consultar informaci\u00f3n detallada en relaci\u00f3n con cada una de estas cookies y caducidad de las mismas, accediendo a nuestro apartado de Configuraci\u00f3n:<\/p><div class=\"table-responsive\"><table class=\"table table-sm table-hover table-bordered\"><thead><tr class=\"text-center align-top\"><th>Tipo de cookie<\/th><th>Finalidad<\/th><th>Entidad que las gestiona<\/th><th>Caducidad<\/th><\/tr><\/thead><tbody class=\"table-group-divider\"><tr><td>T\u00e9cnicas<\/td><td>Las <b><u>cookies t\u00e9cnicas<\/u><\/b> permiten al usuario la navegaci\u00f3n a trav\u00e9s del sitio web y la utilizaci\u00f3n de las diferentes opciones o servicios, incluyendo aquellos que utilizamos para permitir la gesti\u00f3n y operativa de la p\u00e1gina web y habilitar sus funciones y servicios, como, por ejemplo, controlar el tr\u00e1fico y la comunicaci\u00f3n de datos, identificar la sesi\u00f3n o acceder a partes de acceso restringido.<\/td><td><ul><li>Linkedin (Ver <a href=\"https:\/\/es.linkedin.com\/legal\/privacy-policy\" target=\"_blank\" rel=\"nofollow noopener noreferrer\">Pol\u00edtica de Privacidad de Linkedin<\/a>)<\/li><\/ul><\/td><td>M\u00e1ximo 1 a\u00f1o<\/td><\/tr><tr><td>Marketing publicidad<\/td><td>Utilizamos <b><u>cookies publicitarias o de marketing<\/u><\/b> que nos permiten analizar sus h\u00e1bitos de navegaci\u00f3n en Internet para que podamos mostrarle publicidad relacionada con su perfil de navegaci\u00f3n.<\/td><td><ul><li>M2 CASAS INVEST S.L. (Propias)<\/li><li>Linkedin (Ver <a href=\"https:\/\/es.linkedin.com\/legal\/privacy-policy\" target=\"_blank\" rel=\"nofollow noopener noreferrer\">Pol\u00edtica de Privacidad de Linkedin<\/a>)<\/li><\/ul><\/td><td>Son temporales con un plazo m\u00e1ximo de 1 a\u00f1o<\/td><\/tr><tr><td>Preferencias<\/td><td>Las <b><u>cookies de preferencias<\/u><\/b> permiten a la p\u00e1gina web recordar informaci\u00f3n que cambia la forma en que la p\u00e1gina se comporta o el aspecto que tiene, como su idioma preferido o la regi\u00f3n en la que usted se encuentra.<\/td><td><ul><li>Linkedin (Ver <a href=\"https:\/\/es.linkedin.com\/legal\/privacy-policy\" target=\"_blank\" rel=\"nofollow noopener noreferrer\">Pol\u00edtica de Privacidad de Linkedin<\/a>)<\/li><\/ul><\/td><td>M\u00e1ximo 1 d\u00eda<\/td><\/tr><tr><td>Estad\u00edstica<\/td><td>Las <b><u>cookies estad\u00edsticas<\/u><\/b> ayudan al propietario de la p\u00e1gina web a comprender c\u00f3mo interact\u00faan los visitantes con las p\u00e1ginas web reuniendo y proporcionando informaci\u00f3n de forma an\u00f3nima.<\/td><td><ul><li>M2 CASAS INVEST S.L. (Propias)<\/li><li>Linkedin (Ver <a href=\"https:\/\/es.linkedin.com\/legal\/privacy-policy\" target=\"_blank\" rel=\"nofollow noopener noreferrer\">Pol\u00edtica de Privacidad de Linkedin<\/a>)<\/li><\/ul><\/td><td>El plazo de caducidad var\u00eda en funci\u00f3n de la entidad que la gestione. Desde 1 d\u00eda hasta m\u00e1ximo de 2 a\u00f1os.<\/td><\/tr><\/tbody><\/table><\/div><p>La base que legitima el tratamiento en relaci\u00f3n con el uso de cookies t\u00e9cnicas es el inter\u00e9s leg\u00edtimo de la Empresa, para facilitar la navegaci\u00f3n del usuario por el sitio web. La base que legitima el tratamiento en relaci\u00f3n con el uso de cookies no necesarias para la navegaci\u00f3n (publicitarias) es el consentimiento del usuario. El usuario puede revocar dicho consentimiento en cualquier momento, sin que ello afecte a la licitud del tratamiento con car\u00e1cter previo a su retirada. A tal efecto, el usuario puede consultar nuestro siguiente apartado sobre configuraci\u00f3n y desactivaci\u00f3n de cookies, as\u00ed como acceder a la informaci\u00f3n sobre el procedimiento para el ejercicio de derechos y resto de informaci\u00f3n relacionada con el tratamiento de sus datos personales, a trav\u00e9s de nuestra <a href=\"https:\/\/www.m2casas.com\/es\/privacy\" target=\"_blank\" rel=\"noopener\">Pol\u00edtica de Privacidad<\/a>. La utilizaci\u00f3n de cookies no necesarias para la navegaci\u00f3n implica transferencia internacional de datos a EEUU. En este sentido, informamos al usuario que la protecci\u00f3n de datos en dicho territorio no tiene un nivel de seguridad equiparable al tratamiento de datos en la UE.<\/p><h3>Configuraci\u00f3n y desactivaci\u00f3n de cookies<\/h3><p>En los siguientes enlaces se facilita toda la informaci\u00f3n para configurar o deshabilitar cookies en cada navegador:<\/p><ul><li><a href=\"https:\/\/support.google.com\/chrome\/answer\/95647?hl=es\" target=\"_blank\" rel=\"nofollow noopener noreferrer\">Google Chrome<\/a><\/li><li><a href=\"https:\/\/support.mozilla.org\/es\/kb\/habilitar-y-deshabilitar-cookies-que-los-sitios-we\" target=\"_blank\" rel=\"nofollow noopener noreferrer\">Mozilla Firefox<\/a><\/li><li><a href=\"http:\/\/windows.microsoft.com\/es-es\/windows-vista\/block-or-allow-cookies\" target=\"_blank\" rel=\"nofollow noopener noreferrer\">Internet Explorer<\/a><\/li><li><a href=\"https:\/\/support.apple.com\/es-es\/guide\/safari\/sfri11471\/mac\" target=\"_blank\" rel=\"nofollow noopener noreferrer\">Safari<\/a><\/li><li><a href=\"https:\/\/www.opera.com\/help\/tutorials\/security\/privacy\/\" target=\"_blank\" rel=\"nofollow noopener noreferrer\">Opera<\/a><\/li><\/ul><p>Adem\u00e1s, el Usuario puede gestionar el almacenamiento de cookies en su navegador a trav\u00e9s de herramientas como las siguientes:<\/p><ul><li>Ghostery: <a href=\"http:\/\/www.ghostery.com\/\" target=\"_blank\" rel=\"nofollow noopener noreferrer\">www.ghostery.com<\/a><\/li><li>Your online choices: <a href=\"https:\/\/www.youronlinechoices.com\/es\/\" target=\"_blank\" rel=\"nofollow noopener noreferrer\">www.youronlinechoices.com\/es\/<\/a><\/li><\/ul><p>Si desea m\u00e1s informaci\u00f3n acerca de las cookies, puede consultar la <a href=\"https:\/\/www.aepd.es\/sites\/default\/files\/2020-07\/guia-cookies.pdf\" target=\"_blank\" rel=\"nofollow noopener noreferrer\">Gu\u00eda sobre el uso de cookies<\/a> elaborada por la Agencia Espa\u00f1ola de Protecci\u00f3n de Datos.<\/p><p>Fecha \u00faltima actualizaci\u00f3n: Febrero 2023<\/p>\t\t\t\t\t\t\t\t<\/div>\n\t\t\t\t<\/div>\n\t\t\t\t\t<\/div>\n\t\t\t\t<\/div>\n\t\t\t\t<\/div>","protected":false},"excerpt":{"rendered":"<p>Pol\u00edtica de cookies En base a lo previsto en el Considerando 30 del Reglamento (UE) 2016\/679 del Parlamento Europeo y del Consejo, de 27 de abril de 2016, relativo a la protecci\u00f3n de las personas f\u00edsicas en lo que respecta al tratamiento de datos personales y a la libre circulaci\u00f3n de estos datos (RGPD), le informamos de la empresa utiliza cookies con las finalidades que se detallan en la presente Pol\u00edtica de Cookies. \u00bfQu\u00e9 son las cookies? Las cookies son archivos de texto que contienen peque\u00f1as cantidades de informaci\u00f3n que se descargan en su ordenador o dispositivo m\u00f3vil cuando el Usuario visita un sitio web. Las cookies se env\u00edan de vuelta al sitio web original en cada visita posterior, o a otro sitio web que las reconoce. Las cookies pueden realizar diferentes funciones como permitir navegar entre las p\u00e1ginas de manera eficiente, recordando sus preferencias y en general, mejorar la navegaci\u00f3n del usuario. \u00bfC\u00f3mo se clasifican las cookies? Seg\u00fan distintos criterios de clasificaci\u00f3n, las cookies se pueden clasificar en los siguientes tipos: Seg\u00fan el emisor de las Cookies Cookies propias: Son aquellas que se env\u00edan al equipo terminal del usuario desde un equipo o dominio gestionado por el propio editor del sitio web y desde el que se presta el servicio solicitado por el usuario. Cookies de tercero: Son aquellas que se env\u00edan al equipo terminal del usuario desde un equipo o dominio que no es gestionado por el editor del sitio web, sino por otra entidad que trata los datos obtenidos trav\u00e9s de las cookies. Seg\u00fan el ciclo de vida de las Cookies: Cookies de sesi\u00f3n: Son cookies temporales que permanecen en el archivo de cookies de su navegador hasta que abandone la p\u00e1gina web, por lo que ninguna queda registrada en el disco duro del usuario. La informaci\u00f3n obtenida por medio de estas cookies sirve para analizar pautas de tr\u00e1fico en la web. Esto permite proporcionar una mejor experiencia para mejorar el contenido y facilitar su uso. Cookies permanentes: Son almacenadas en el disco duro y el sitio web las lee cada vez que el usuario realiza una nueva visita. Una cookie permanente posee una fecha de expiraci\u00f3n determinada. La cookie dejar\u00e1 de funcionar despu\u00e9s de esa fecha. Se utilizan para facilitar los servicios de compra y registro. Seg\u00fan la finalidad para la que se usan las Cookies: Cookies t\u00e9cnicas: Son aquellas que permiten al usuario la navegaci\u00f3n a trav\u00e9s de una p\u00e1gina web, plataforma o aplicaci\u00f3n y la utilizaci\u00f3n de las diferentes opciones o servicios que en ella existan como, por ejemplo, controlar el tr\u00e1fico y la comunicaci\u00f3n de datos, identificar la sesi\u00f3n, acceder a partes de acceso restringido, recordar los elementos que integran un pedido, realizar el proceso de compra de un pedido, realizar la solicitud de inscripci\u00f3n o participaci\u00f3n en un evento, utilizar elementos de seguridad durante la navegaci\u00f3n, almacenar contenidos para la difusi\u00f3n de videos o sonido o compartir contenidos a trav\u00e9s de redes sociales. Cookies de personalizaci\u00f3n o preferencias: Son aquellas que permiten al usuario acceder al servicio con algunas caracter\u00edsticas de car\u00e1cter general predefinidas en funci\u00f3n de una serie de criterios en el terminal del usuario como por ejemplo serian el idioma, el tipo de navegador a trav\u00e9s del cual accede al servicio, la configuraci\u00f3n regional desde donde accede al servicio, etc. Cookies de an\u00e1lisis: Son aquellas que permiten al responsable de estas, el seguimiento y an\u00e1lisis del comportamiento de los usuarios de los sitios web a los que est\u00e1n vinculadas. La informaci\u00f3n recogida mediante este tipo de cookies se utiliza en la medici\u00f3n de la actividad de los sitios web, aplicaci\u00f3n o plataforma y para la elaboraci\u00f3n de perfiles de navegaci\u00f3n de los usuarios de dichos sitios, aplicaciones y plataformas, con el fin de introducir mejoras en funci\u00f3n del an\u00e1lisis de los datos de uso que hacen los usuarios del servicio. Cookies publicitarias: Son aquellas que permiten la gesti\u00f3n de los espacios publicitarios que, en su caso, el editor haya incluido en una p\u00e1gina web, aplicaci\u00f3n o plataforma desde la que presta el servicio solicitado en base a criterios como el contenido editado o la frecuencia en la que se muestran los anuncios. Cookies de publicidad comportamental: Son aquellas que permiten la gesti\u00f3n de los espacios publicitarios que el editor haya incluido en una p\u00e1gina web, aplicaci\u00f3n o plataforma desde la que presta el servicio solicitado. Estas cookies almacenan informaci\u00f3n del comportamiento de los usuarios obtenida a trav\u00e9s de la observaci\u00f3n continuada de sus h\u00e1bitos de navegaci\u00f3n, lo que permite desarrollar un perfil espec\u00edfico para mostrar publicidad en funci\u00f3n de este. Tipos de cookies utilizadas en el sitio web Le indicamos a continuaci\u00f3n el tipo de cookies utilizadas en el sitio web, su finalidad y entidad que las gestiona. Puede consultar informaci\u00f3n detallada en relaci\u00f3n con cada una de estas cookies y caducidad de las mismas, accediendo a nuestro apartado de Configuraci\u00f3n: Tipo de cookie Finalidad Entidad que las gestiona Caducidad T\u00e9cnicas Las cookies t\u00e9cnicas permiten al usuario la navegaci\u00f3n a trav\u00e9s del sitio web y la utilizaci\u00f3n de las diferentes opciones o servicios, incluyendo aquellos que utilizamos para permitir la gesti\u00f3n y operativa de la p\u00e1gina web y habilitar sus funciones y servicios, como, por ejemplo, controlar el tr\u00e1fico y la comunicaci\u00f3n de datos, identificar la sesi\u00f3n o acceder a partes de acceso restringido. Linkedin (Ver Pol\u00edtica de Privacidad de Linkedin) M\u00e1ximo 1 a\u00f1o Marketing publicidad Utilizamos cookies publicitarias o de marketing que nos permiten analizar sus h\u00e1bitos de navegaci\u00f3n en Internet para que podamos mostrarle publicidad relacionada con su perfil de navegaci\u00f3n. M2 CASAS INVEST S.L. (Propias) Linkedin (Ver Pol\u00edtica de Privacidad de Linkedin) Son temporales con un plazo m\u00e1ximo de 1 a\u00f1o Preferencias Las cookies de preferencias permiten a la p\u00e1gina web recordar informaci\u00f3n que cambia la forma en que la p\u00e1gina se comporta o el aspecto que tiene, como su idioma preferido o la regi\u00f3n en la que usted se encuentra. Linkedin (Ver Pol\u00edtica de Privacidad de Linkedin) M\u00e1ximo 1 d\u00eda Estad\u00edstica Las cookies estad\u00edsticas ayudan<\/p>","protected":false},"author":1,"featured_media":0,"parent":0,"menu_order":0,"comment_status":"closed","ping_status":"closed","template":"","meta":{"_acf_changed":false,"footnotes":""},"class_list":["post-2053","page","type-page","status-publish","hentry"],"acf":[],"_links":{"self":[{"href":"https:\/\/m2casas.www185-146-23-43.a2hosted.com\/fr\/wp-json\/wp\/v2\/pages\/2053","targetHints":{"allow":["GET"]}}],"collection":[{"href":"https:\/\/m2casas.www185-146-23-43.a2hosted.com\/fr\/wp-json\/wp\/v2\/pages"}],"about":[{"href":"https:\/\/m2casas.www185-146-23-43.a2hosted.com\/fr\/wp-json\/wp\/v2\/types\/page"}],"author":[{"embeddable":true,"href":"https:\/\/m2casas.www185-146-23-43.a2hosted.com\/fr\/wp-json\/wp\/v2\/users\/1"}],"replies":[{"embeddable":true,"href":"https:\/\/m2casas.www185-146-23-43.a2hosted.com\/fr\/wp-json\/wp\/v2\/comments?post=2053"}],"version-history":[{"count":7,"href":"https:\/\/m2casas.www185-146-23-43.a2hosted.com\/fr\/wp-json\/wp\/v2\/pages\/2053\/revisions"}],"predecessor-version":[{"id":2060,"href":"https:\/\/m2casas.www185-146-23-43.a2hosted.com\/fr\/wp-json\/wp\/v2\/pages\/2053\/revisions\/2060"}],"wp:attachment":[{"href":"https:\/\/m2casas.www185-146-23-43.a2hosted.com\/fr\/wp-json\/wp\/v2\/media?parent=2053"}],"curies":[{"name":"wp","href":"https:\/\/api.w.org\/{rel}","templated":true}]}}