{"id":2067,"date":"2025-06-19T09:38:48","date_gmt":"2025-06-19T09:38:48","guid":{"rendered":"https:\/\/m2casas.www185-146-23-43.a2hosted.com\/?page_id=2067"},"modified":"2025-06-19T09:39:11","modified_gmt":"2025-06-19T09:39:11","slug":"privacy","status":"publish","type":"page","link":"https:\/\/m2casas.www185-146-23-43.a2hosted.com\/fr\/privacy\/","title":{"rendered":"Privacy policy"},"content":{"rendered":"<div data-elementor-type=\"wp-page\" data-elementor-id=\"2067\" class=\"elementor elementor-2067\" data-elementor-post-type=\"page\">\n\t\t\t\t<div class=\"elementor-element elementor-element-f870eb4 e-flex e-con-boxed wpr-particle-no wpr-jarallax-no wpr-parallax-no wpr-sticky-section-no e-con e-parent\" data-id=\"f870eb4\" data-element_type=\"container\" data-e-type=\"container\">\n\t\t\t\t\t<div class=\"e-con-inner\">\n\t\t\t\t<div class=\"elementor-element elementor-element-807cf93 elementor-widget elementor-widget-heading\" data-id=\"807cf93\" data-element_type=\"widget\" data-e-type=\"widget\" data-widget_type=\"heading.default\">\n\t\t\t\t<div class=\"elementor-widget-container\">\n\t\t\t\t\t<h1 class=\"elementor-heading-title elementor-size-default\">Pol\u00edtica de privacidad<\/h1>\t\t\t\t<\/div>\n\t\t\t\t<\/div>\n\t\t\t\t<div class=\"elementor-element elementor-element-e532206 elementor-widget elementor-widget-text-editor\" data-id=\"e532206\" data-element_type=\"widget\" data-e-type=\"widget\" data-widget_type=\"text-editor.default\">\n\t\t\t\t<div class=\"elementor-widget-container\">\n\t\t\t\t\t\t\t\t\t<p>En cumplimiento de lo previsto en el Reglamento (UE) 2016\/679 del Parlamento Europeo y del Consejo, de 27 de abril de 2016, relativo a la protecci\u00f3n de las personas f\u00edsicas en lo que respecta al tratamiento de datos personales y a la libre circulaci\u00f3n de estos datos (RGPD), as\u00ed como en cumplimiento de lo previsto en la Ley Org\u00e1nica 3\/2018, de 5 de diciembre, de Protecci\u00f3n de Datos Personales y garant\u00eda de los derechos digitales (LOPDGDD), se informa a continuaci\u00f3n sobre los siguientes puntos relacionados con el tratamiento de datos de car\u00e1cter personal a trav\u00e9s del presente sitio web:<\/p><h3>\u00bfQui\u00e9n es el responsable del tratamiento?<\/h3><p>El Responsable del tratamiento es M2 CASAS INVEST, S.L. (en adelante, \u201cM2 CASAS\u201d); NIF B-72454150; domicilio social: Bulevar Pr\u00edncipe Alfonso de Hohenlohe, 0 1 B Esc. 4 &#8211; C.P. 29602, Marbella (M\u00e1laga) C.C. LA POVEDA.; tel\u00e9fono +34 951 668 795; correo electr\u00f3nico: <a href=\"mailto:info@m2casas.com\">info@m2casas.com<\/a>.<\/p><h3>\u00bfCu\u00e1l es la finalidad del tratamiento de sus datos?<\/h3><p>En el caso de que contacte con nosotros a trav\u00e9s del formulario de contacto, sus datos se utilizar\u00e1n, exclusivamente, para atender su petici\u00f3n o consulta.<\/p><h3>\u00bfCu\u00e1l es la base que legitima el tratamiento?<\/h3><p>La base legal del tratamiento de los datos personales recabados por M2 CASAS a trav\u00e9s del formulario de contacto es la ejecuci\u00f3n de la relaci\u00f3n pre-contractual entre las partes, en los t\u00e9rminos previstos en el art\u00edculo 6.1.b) del RGPD.<\/p><h3>\u00bfA qui\u00e9n se comunican sus datos?<\/h3><p>Los datos solo se comunicar\u00e1n en los casos en los que sea necesario para el cumplimiento de obligaciones legales impuestas al Responsable del tratamiento, en la media en que dicha cesi\u00f3n sea obligatoria. Tambi\u00e9n podr\u00e1n ser cedidos para prestar adecuadamente los servicios, en cuyo caso informaremos con car\u00e1cter previo sobre el contexto de la cesi\u00f3n, dentro de los l\u00edmites establecidos por la ley. Fuera de los casos indicados, ser\u00e1 necesario el consentimiento del interesado para la cesi\u00f3n de datos a un tercero.<\/p><h3>\u00bfCu\u00e1nto tiempo se conserva la informaci\u00f3n?<\/h3><p>La informaci\u00f3n recabada a trav\u00e9s del formulario de contacto se conservar\u00e1 durante el plazo necesario para atender a la petici\u00f3n de consulta o informaci\u00f3n que el Usuario haya solicitado; posteriormente, los datos ser\u00e1n eliminados, a menos que la naturaleza de la consulta o petici\u00f3n requiera la conservaci\u00f3n de su informaci\u00f3n para otros fines, en cuyo caso le informaremos sobre dicha finalidad del tratamiento, el plazo de conservaci\u00f3n y destinatarios de datos, en los t\u00e9rminos que correspondan.\u202f<\/p><h3>\u00bfC\u00f3mo protegemos sus datos?<\/h3><p>M2 CASAS utiliza tecnolog\u00edas adecuadas al estado de la t\u00e9cnica actual, para proteger sus datos e informaci\u00f3n personal, as\u00ed nuestra p\u00e1gina web se almacena en servidores seguros protegidos contra los tipos de ataques m\u00e1s habituales. M2 CASAS ha adoptado las medidas de \u00edndole t\u00e9cnica y organizativa que garantizan la seguridad de los datos de car\u00e1cter personal y evitan su alteraci\u00f3n, p\u00e9rdida, tratamiento o acceso no autorizado, habida cuenta del estado de la tecnolog\u00eda, la naturaleza de los datos almacenados y los riesgos a que est\u00e9n expuestos.<\/p><h3>Veracidad y actualizaci\u00f3n de la informaci\u00f3n aportada<\/h3><p>Toda la informaci\u00f3n que facilite el Usuario deber\u00e1 ser veraz y exacta. A estos efectos, el Usuario debe asegurarse de la autenticidad de todos aquellos datos que aporte como consecuencia de la cumplimentaci\u00f3n de los formularios correspondientes. Para registrarse y\/o rellenar cualquier formulario, el Usuario tendr\u00e1 que proporcionar todos los datos que figuran en dichos formularios como obligatorios, garantizando que los datos proporcionados son exactos y adecuados a la realidad. La variaci\u00f3n de sus datos deber\u00e1 ser notificada lo antes posible a M2 CASAS. En todo caso, el Usuario ser\u00e1 el \u00fanico responsable de las manifestaciones falsas o inexactas que realice, y de los perjuicios que cause a M2 CASAS o a terceros, por la informaci\u00f3n que facilite. La no comunicaci\u00f3n o la comunicaci\u00f3n incompleta de los datos personales obligatorios podr\u00e1 suponer la imposibilidad de prestar el servicio solicitado.<\/p><h3>\u00bfCu\u00e1les son sus derechos en materia de protecci\u00f3n de datos?<\/h3><p>El Reglamento General de Protecci\u00f3n de Datos reconoce distintos derechos al interesado en relaci\u00f3n con el tratamiento de sus datos de car\u00e1cter personal. A continuaci\u00f3n, le informamos sobre cada uno de estos derechos y le indicamos los canales a trav\u00e9s de los cuales podr\u00e1s dirigir, en su caso, la petici\u00f3n que corresponda:<\/p><div class=\"table-responsive\"><table class=\"table table-sm table-hover table-bordered\"><thead><tr class=\"text-center align-top\"><th>Tipo de derecho<\/th><th>Descripci\u00f3n<\/th><\/tr><\/thead><tbody class=\"table-group-divider\"><tr><td>Supresi\u00f3n<\/td><td>Tendr\u00e1 derecho a la supresi\u00f3n de sus datos personales cuando concurran alguna de las circunstancias siguientes:<ul><li>que no sean necesarios en relaci\u00f3n con los fines para los que fueron recogidos o tratados inicialmente;<\/li><li>que retire el consentimiento, siempre que el tratamiento de sus datos no se base en otro fundamento jur\u00eddico que justifique la continuidad del tratamiento;<\/li><li>que se oponga al tratamiento y no prevalezcan otros motivos leg\u00edtimos para seguir tratando sus datos;<\/li><li>que los datos cuya supresi\u00f3n solicita hayan sido tratados il\u00edcitamente.<\/li><\/ul><\/td><\/tr><tr><td>Acceso<\/td><td>Tiene derecho a obtener confirmaci\u00f3n sobre si se est\u00e1n tratando o no datos personales que le conciernen, as\u00ed como acceso a la siguiente informaci\u00f3n: los fines del tratamiento; las categor\u00edas de los datos que se tratan; los destinatarios o las categor\u00edas de destinatarios a los que se han comunicado o ser\u00e1n comunicados; de ser posible, el plazo previsto de conservaci\u00f3n de los datos personales o, de no ser posible, los criterios utilizados para determinar este plazo.<\/td><\/tr><tr><td>Rectificaci\u00f3n<\/td><td>Tiene derecho a obtener la rectificaci\u00f3n de los datos personales inexactos que le conciernen. Adem\u00e1s, teniendo en cuenta los fines del tratamiento, tendr\u00e1 derecho a que se completen los datos personales que sean incompletos, inclusive mediante una declaraci\u00f3n adicional. Para ello, deber\u00e1 indicarnos en su solicitud a qu\u00e9 datos se refiere y la correcci\u00f3n que debamos realizar; asimismo, tendr\u00e1 que acompa\u00f1ar, cuando sea preciso, la documentaci\u00f3n justificativa de la inexactitud o car\u00e1cter incompleto de los datos objeto del tratamiento.<\/td><\/tr><tr><td>Limitaci\u00f3n<\/td><td>Tiene derecho a obtener la limitaci\u00f3n del tratamiento de los datos cuando se cumpla alguna de las condiciones siguientes:<ul><li>cuando haya impugnado la exactitud de sus datos personales, durante el plazo que permita a la Empresa verificar la exactitud de los mismos;<\/li><li>en el supuesto de que considere que el tratamiento es il\u00edcito, se haya opuesto a la supresi\u00f3n de los datos personales y solicite en su lugar la limitaci\u00f3n de su uso;<\/li><li>que la Empresa ya no necesite los datos personales para los fines del tratamiento, pero el Usuario los necesite para la formulaci\u00f3n, el ejercicio o la defensa de reclamaciones;<\/li><li>en el supuesto de que se haya opuesto al tratamiento, mientras se verifica si los motivos leg\u00edtimos de la Empresa prevalecen sobre los suyos.<\/li><\/ul><\/td><\/tr><tr><td>Portabilidad<\/td><td>Tendr\u00e1 derecho a recibir los datos personales que le conciernan, que haya facilitado a la Empresa, en un formato estructurado, de uso com\u00fan y lectura mec\u00e1nica, y a transmitirlos a otro responsable del tratamiento sin que lo impida la Empresa, cuando el tratamiento est\u00e9 basado en el consentimiento, y se efect\u00fae por medios automatizados. Al ejercer su derecho a la portabilidad de los datos, tendr\u00e1 derecho a que los datos personales se transmitan directamente de responsable a responsable cuando sea t\u00e9cnicamente posible. Este derecho a la portabilidad no se aplicar\u00e1 al tratamiento que sea necesario para el cumplimiento de una misi\u00f3n realizada en inter\u00e9s p\u00fablico o en el ejercicio de poderes p\u00fablicos. El derecho a la portabilidad no se extender\u00e1 a los datos que la Empresa hubiera inferido a partir de datos que se deriven directamente del uso de los servicios prestados.<\/td><\/tr><tr><td>Oposici\u00f3n<\/td><td>Tendr\u00e1 derecho a oponerse al tratamiento de datos que le conciernen, en cualquier momento, incluida la elaboraci\u00f3n de perfiles. En caso de que ejercite este derecho, la Empresa dejar\u00e1 de tratar sus datos personales, salvo que acreditemos motivos leg\u00edtimos imperiosos para que el tratamiento prevalezca sobre sus intereses, derechos y libertades, o para la formulaci\u00f3n, del ejercicio o la defensa de reclamaciones.<\/td><\/tr><tr><td>Decisiones automatizadas<\/td><td>El interesado tendr\u00e1 derecho a no ser objeto de una decisi\u00f3n basada \u00fanicamente en el tratamiento automatizado incluida la elaboraci\u00f3n de perfiles que produzcan efectos jur\u00eddicos o que afecte significativamente de modo similar.<\/td><\/tr><\/tbody><\/table><\/div><h3>Canales para hacer efectivo el ejercicio de estos derechos:<\/h3><p>Para ejercitar cualquiera de los derechos indicados en los apartados anteriores, puedes enviar un email a <a href=\"mailto:info@m2casas.com\">info@m2casas.com<\/a> remitir carta a la siguiente direcci\u00f3n: Bulevar Pr\u00edncipe Alfonso de Hohenlohe, 0 1 B Esc. 4 &#8211; C.P. 29602, Marbella (M\u00e1laga) C.C. LA POVEDA.<\/p><p>En los casos en los que consideres que se han vulnerado tus derechos en materia de protecci\u00f3n de datos, especialmente cuando no hayas obtenido satisfacci\u00f3n en el ejercicio de tus derechos, puedes presentar una reclamaci\u00f3n ante la Agencia Espa\u00f1ola de Protecci\u00f3n de Datos. Te indicamos a continuaci\u00f3n los datos de contacto de esta autoridad de control:<\/p><ul><li>Direcci\u00f3n postal: Calle Jorge Juan n\u00ba 6, CP 28001, Madrid<\/li><li>Direcci\u00f3n web: <a href=\"http:\/\/www.aepd.es\/\" target=\"_blank\" rel=\"nofollow noopener noreferrer\">www.aepd.es<\/a><\/li><li>Tel\u00e9fonos: 901 100 099\/ 91.266.35.17<\/li><\/ul><h3>Cambios en la presente pol\u00edtica de privacidad<\/h3><p>M2 CASAS se reserva el derecho a modificar la presente Pol\u00edtica de Privacidad para adaptarla a novedades legislativas o jurisprudenciales, as\u00ed como a pr\u00e1cticas de la industria. En dichos supuestos, M2 CASAS anunciar\u00e1 en esta p\u00e1gina los cambios introducidos con razonable antelaci\u00f3n a su puesta en pr\u00e1ctica.<\/p><p>Fecha de la \u00faltima actualizaci\u00f3n: Febrero 2023\u00a0<\/p>\t\t\t\t\t\t\t\t<\/div>\n\t\t\t\t<\/div>\n\t\t\t\t\t<\/div>\n\t\t\t\t<\/div>\n\t\t\t\t<\/div>","protected":false},"excerpt":{"rendered":"<p>Pol\u00edtica de privacidad En cumplimiento de lo previsto en el Reglamento (UE) 2016\/679 del Parlamento Europeo y del Consejo, de 27 de abril de 2016, relativo a la protecci\u00f3n de las personas f\u00edsicas en lo que respecta al tratamiento de datos personales y a la libre circulaci\u00f3n de estos datos (RGPD), as\u00ed como en cumplimiento de lo previsto en la Ley Org\u00e1nica 3\/2018, de 5 de diciembre, de Protecci\u00f3n de Datos Personales y garant\u00eda de los derechos digitales (LOPDGDD), se informa a continuaci\u00f3n sobre los siguientes puntos relacionados con el tratamiento de datos de car\u00e1cter personal a trav\u00e9s del presente sitio web: \u00bfQui\u00e9n es el responsable del tratamiento? El Responsable del tratamiento es M2 CASAS INVEST, S.L. (en adelante, \u201cM2 CASAS\u201d); NIF B-72454150; domicilio social: Bulevar Pr\u00edncipe Alfonso de Hohenlohe, 0 1 B Esc. 4 &#8211; C.P. 29602, Marbella (M\u00e1laga) C.C. LA POVEDA.; tel\u00e9fono +34 951 668 795; correo electr\u00f3nico: info@m2casas.com. \u00bfCu\u00e1l es la finalidad del tratamiento de sus datos? En el caso de que contacte con nosotros a trav\u00e9s del formulario de contacto, sus datos se utilizar\u00e1n, exclusivamente, para atender su petici\u00f3n o consulta. \u00bfCu\u00e1l es la base que legitima el tratamiento? La base legal del tratamiento de los datos personales recabados por M2 CASAS a trav\u00e9s del formulario de contacto es la ejecuci\u00f3n de la relaci\u00f3n pre-contractual entre las partes, en los t\u00e9rminos previstos en el art\u00edculo 6.1.b) del RGPD. \u00bfA qui\u00e9n se comunican sus datos? Los datos solo se comunicar\u00e1n en los casos en los que sea necesario para el cumplimiento de obligaciones legales impuestas al Responsable del tratamiento, en la media en que dicha cesi\u00f3n sea obligatoria. Tambi\u00e9n podr\u00e1n ser cedidos para prestar adecuadamente los servicios, en cuyo caso informaremos con car\u00e1cter previo sobre el contexto de la cesi\u00f3n, dentro de los l\u00edmites establecidos por la ley. Fuera de los casos indicados, ser\u00e1 necesario el consentimiento del interesado para la cesi\u00f3n de datos a un tercero. \u00bfCu\u00e1nto tiempo se conserva la informaci\u00f3n? La informaci\u00f3n recabada a trav\u00e9s del formulario de contacto se conservar\u00e1 durante el plazo necesario para atender a la petici\u00f3n de consulta o informaci\u00f3n que el Usuario haya solicitado; posteriormente, los datos ser\u00e1n eliminados, a menos que la naturaleza de la consulta o petici\u00f3n requiera la conservaci\u00f3n de su informaci\u00f3n para otros fines, en cuyo caso le informaremos sobre dicha finalidad del tratamiento, el plazo de conservaci\u00f3n y destinatarios de datos, en los t\u00e9rminos que correspondan.\u202f \u00bfC\u00f3mo protegemos sus datos? M2 CASAS utiliza tecnolog\u00edas adecuadas al estado de la t\u00e9cnica actual, para proteger sus datos e informaci\u00f3n personal, as\u00ed nuestra p\u00e1gina web se almacena en servidores seguros protegidos contra los tipos de ataques m\u00e1s habituales. M2 CASAS ha adoptado las medidas de \u00edndole t\u00e9cnica y organizativa que garantizan la seguridad de los datos de car\u00e1cter personal y evitan su alteraci\u00f3n, p\u00e9rdida, tratamiento o acceso no autorizado, habida cuenta del estado de la tecnolog\u00eda, la naturaleza de los datos almacenados y los riesgos a que est\u00e9n expuestos. Veracidad y actualizaci\u00f3n de la informaci\u00f3n aportada Toda la informaci\u00f3n que facilite el Usuario deber\u00e1 ser veraz y exacta. A estos efectos, el Usuario debe asegurarse de la autenticidad de todos aquellos datos que aporte como consecuencia de la cumplimentaci\u00f3n de los formularios correspondientes. Para registrarse y\/o rellenar cualquier formulario, el Usuario tendr\u00e1 que proporcionar todos los datos que figuran en dichos formularios como obligatorios, garantizando que los datos proporcionados son exactos y adecuados a la realidad. La variaci\u00f3n de sus datos deber\u00e1 ser notificada lo antes posible a M2 CASAS. En todo caso, el Usuario ser\u00e1 el \u00fanico responsable de las manifestaciones falsas o inexactas que realice, y de los perjuicios que cause a M2 CASAS o a terceros, por la informaci\u00f3n que facilite. La no comunicaci\u00f3n o la comunicaci\u00f3n incompleta de los datos personales obligatorios podr\u00e1 suponer la imposibilidad de prestar el servicio solicitado. \u00bfCu\u00e1les son sus derechos en materia de protecci\u00f3n de datos? El Reglamento General de Protecci\u00f3n de Datos reconoce distintos derechos al interesado en relaci\u00f3n con el tratamiento de sus datos de car\u00e1cter personal. A continuaci\u00f3n, le informamos sobre cada uno de estos derechos y le indicamos los canales a trav\u00e9s de los cuales podr\u00e1s dirigir, en su caso, la petici\u00f3n que corresponda: Tipo de derecho Descripci\u00f3n Supresi\u00f3n Tendr\u00e1 derecho a la supresi\u00f3n de sus datos personales cuando concurran alguna de las circunstancias siguientes: que no sean necesarios en relaci\u00f3n con los fines para los que fueron recogidos o tratados inicialmente; que retire el consentimiento, siempre que el tratamiento de sus datos no se base en otro fundamento jur\u00eddico que justifique la continuidad del tratamiento; que se oponga al tratamiento y no prevalezcan otros motivos leg\u00edtimos para seguir tratando sus datos; que los datos cuya supresi\u00f3n solicita hayan sido tratados il\u00edcitamente. Acceso Tiene derecho a obtener confirmaci\u00f3n sobre si se est\u00e1n tratando o no datos personales que le conciernen, as\u00ed como acceso a la siguiente informaci\u00f3n: los fines del tratamiento; las categor\u00edas de los datos que se tratan; los destinatarios o las categor\u00edas de destinatarios a los que se han comunicado o ser\u00e1n comunicados; de ser posible, el plazo previsto de conservaci\u00f3n de los datos personales o, de no ser posible, los criterios utilizados para determinar este plazo. Rectificaci\u00f3n Tiene derecho a obtener la rectificaci\u00f3n de los datos personales inexactos que le conciernen. Adem\u00e1s, teniendo en cuenta los fines del tratamiento, tendr\u00e1 derecho a que se completen los datos personales que sean incompletos, inclusive mediante una declaraci\u00f3n adicional. Para ello, deber\u00e1 indicarnos en su solicitud a qu\u00e9 datos se refiere y la correcci\u00f3n que debamos realizar; asimismo, tendr\u00e1 que acompa\u00f1ar, cuando sea preciso, la documentaci\u00f3n justificativa de la inexactitud o car\u00e1cter incompleto de los datos objeto del tratamiento. Limitaci\u00f3n Tiene derecho a obtener la limitaci\u00f3n del tratamiento de los datos cuando se cumpla alguna de las condiciones siguientes: cuando haya impugnado la exactitud de sus datos personales, durante el plazo que permita a la Empresa verificar la exactitud de los mismos; en el supuesto de que considere que el tratamiento es il\u00edcito,<\/p>","protected":false},"author":1,"featured_media":0,"parent":0,"menu_order":0,"comment_status":"closed","ping_status":"closed","template":"","meta":{"_acf_changed":false,"footnotes":""},"class_list":["post-2067","page","type-page","status-publish","hentry"],"acf":[],"_links":{"self":[{"href":"https:\/\/m2casas.www185-146-23-43.a2hosted.com\/fr\/wp-json\/wp\/v2\/pages\/2067","targetHints":{"allow":["GET"]}}],"collection":[{"href":"https:\/\/m2casas.www185-146-23-43.a2hosted.com\/fr\/wp-json\/wp\/v2\/pages"}],"about":[{"href":"https:\/\/m2casas.www185-146-23-43.a2hosted.com\/fr\/wp-json\/wp\/v2\/types\/page"}],"author":[{"embeddable":true,"href":"https:\/\/m2casas.www185-146-23-43.a2hosted.com\/fr\/wp-json\/wp\/v2\/users\/1"}],"replies":[{"embeddable":true,"href":"https:\/\/m2casas.www185-146-23-43.a2hosted.com\/fr\/wp-json\/wp\/v2\/comments?post=2067"}],"version-history":[{"count":4,"href":"https:\/\/m2casas.www185-146-23-43.a2hosted.com\/fr\/wp-json\/wp\/v2\/pages\/2067\/revisions"}],"predecessor-version":[{"id":2071,"href":"https:\/\/m2casas.www185-146-23-43.a2hosted.com\/fr\/wp-json\/wp\/v2\/pages\/2067\/revisions\/2071"}],"wp:attachment":[{"href":"https:\/\/m2casas.www185-146-23-43.a2hosted.com\/fr\/wp-json\/wp\/v2\/media?parent=2067"}],"curies":[{"name":"wp","href":"https:\/\/api.w.org\/{rel}","templated":true}]}}